{"id":27,"date":"2021-07-05T20:07:28","date_gmt":"2021-07-05T20:07:28","guid":{"rendered":"https:\/\/gsystems.mx\/?page_id=27"},"modified":"2021-07-07T23:02:13","modified_gmt":"2021-07-07T23:02:13","slug":"cctv","status":"publish","type":"page","link":"https:\/\/gsystems.mx\/index.php\/cctv\/","title":{"rendered":"CCTV"},"content":{"rendered":"\n<p class=\"has-medium-font-size\">El CCTV (circuito cerrado de televisi\u00f3n), es el uso de las c\u00e1maras de video para la grabaci\u00f3n de eventos por medio de dispositivos llamadas DVR (grabador de video digital), los cuales son utilizados en bancos, almacenes, tiendas, estacionamientos y lugar que requieran vigilancia continua.<\/p>\n\n\n\n<p class=\"has-medium-font-size\"><strong>Ofrecemos los siguientes productos y servicios:<\/strong><\/p>\n\n\n\n<ul class=\"has-medium-font-size wp-block-list\"><li>C\u00e1maras tipo domo.<\/li><li>Bullets<\/li><li>Microcamaras<\/li><li>Ptz<\/li><li>DRV\u00b4s de 4, 8, 16 y 32 canales para c\u00e1maras.<\/li><li>Cableado, instalaci\u00f3n, configuraci\u00f3n y mantenimiento de los dispositivos.<\/li><\/ul>\n\n\n\n<figure class=\"wp-block-image alignfull size-large\"><img loading=\"lazy\" decoding=\"async\" width=\"1024\" height=\"576\" src=\"https:\/\/gsystems.mx\/wp-content\/uploads\/2021\/07\/equipos_cctv-1024x576.jpg\" alt=\"\" class=\"wp-image-140\" srcset=\"https:\/\/gsystems.mx\/wp-content\/uploads\/2021\/07\/equipos_cctv-1024x576.jpg 1024w, https:\/\/gsystems.mx\/wp-content\/uploads\/2021\/07\/equipos_cctv-300x169.jpg 300w, https:\/\/gsystems.mx\/wp-content\/uploads\/2021\/07\/equipos_cctv-768x432.jpg 768w, https:\/\/gsystems.mx\/wp-content\/uploads\/2021\/07\/equipos_cctv.jpg 1280w\" sizes=\"auto, (max-width: 1024px) 100vw, 1024px\" \/><\/figure>\n\n\n\n<div style=\"height:100px\" aria-hidden=\"true\" class=\"wp-block-spacer\"><\/div>\n\n\n\n<p class=\"has-text-align-center\" style=\"font-size:23px\">\u00a1Cont\u00e1ctanos para agendar una cotizaci\u00f3n!<\/p>\n\n\n\n<div class=\"wp-block-buttons is-content-justification-center is-layout-flex wp-block-buttons-is-layout-flex\">\n<div class=\"wp-block-button is-style-outline is-style-outline--1\"><a class=\"wp-block-button__link\" href=\"https:\/\/gsystems.mx\/index.php\/contacto\/\"><strong>Click aqu\u00ed<\/strong><\/a><\/div>\n<\/div>\n\n\n\n<p><\/p>\n","protected":false},"excerpt":{"rendered":"<p>El CCTV (circuito cerrado de televisi\u00f3n), es el uso de las c\u00e1maras de video para la grabaci\u00f3n de eventos por medio de dispositivos llamadas DVR (grabador de video digital), los cuales son utilizados en bancos, almacenes, tiendas, estacionamientos y lugar que requieran vigilancia continua. Ofrecemos los siguientes productos y servicios: C\u00e1maras tipo domo. Bullets Microcamaras [&hellip;]<\/p>\n","protected":false},"author":1,"featured_media":0,"parent":0,"menu_order":0,"comment_status":"closed","ping_status":"closed","template":"","meta":{"footnotes":""},"class_list":["post-27","page","type-page","status-publish","hentry"],"yoast_head":"<!-- This site is optimized with the Yoast SEO plugin v16.6.1 - https:\/\/yoast.com\/wordpress\/plugins\/seo\/ -->\n<title>CCTV - GSYSTEMS<\/title>\n<meta name=\"description\" content=\"Venta y servicio de CCTV (circuito cerrado de televisi\u00f3n)\" \/>\n<meta name=\"robots\" content=\"index, follow, max-snippet:-1, max-image-preview:large, max-video-preview:-1\" \/>\n<link rel=\"canonical\" href=\"https:\/\/gsystems.mx\/index.php\/cctv\/\" \/>\n<meta property=\"og:locale\" content=\"es_ES\" \/>\n<meta property=\"og:type\" content=\"article\" \/>\n<meta property=\"og:title\" content=\"CCTV - GSYSTEMS\" \/>\n<meta property=\"og:description\" content=\"Venta y servicio de CCTV (circuito cerrado de televisi\u00f3n)\" \/>\n<meta property=\"og:url\" content=\"https:\/\/gsystems.mx\/index.php\/cctv\/\" \/>\n<meta property=\"og:site_name\" content=\"GSYSTEMS\" \/>\n<meta property=\"article:modified_time\" content=\"2021-07-07T23:02:13+00:00\" \/>\n<meta property=\"og:image\" content=\"https:\/\/gsystems.mx\/wp-content\/uploads\/2021\/07\/equipos_cctv-1024x576.jpg\" \/>\n<meta name=\"twitter:card\" content=\"summary_large_image\" \/>\n<meta name=\"twitter:label1\" content=\"Tiempo de lectura\" \/>\n\t<meta name=\"twitter:data1\" content=\"1 minuto\" \/>\n<script type=\"application\/ld+json\" class=\"yoast-schema-graph\">{\"@context\":\"https:\/\/schema.org\",\"@graph\":[{\"@type\":\"WebSite\",\"@id\":\"https:\/\/gsystems.mx\/#website\",\"url\":\"https:\/\/gsystems.mx\/\",\"name\":\"GSYSTEMS\",\"description\":\"Soluciones en Sistemas, Equipos y Servicios\",\"potentialAction\":[{\"@type\":\"SearchAction\",\"target\":{\"@type\":\"EntryPoint\",\"urlTemplate\":\"https:\/\/gsystems.mx\/?s={search_term_string}\"},\"query-input\":\"required name=search_term_string\"}],\"inLanguage\":\"es\"},{\"@type\":\"ImageObject\",\"@id\":\"https:\/\/gsystems.mx\/index.php\/cctv\/#primaryimage\",\"inLanguage\":\"es\",\"url\":\"https:\/\/gsystems.mx\/wp-content\/uploads\/2021\/07\/equipos_cctv.jpg\",\"contentUrl\":\"https:\/\/gsystems.mx\/wp-content\/uploads\/2021\/07\/equipos_cctv.jpg\",\"width\":1280,\"height\":720},{\"@type\":\"WebPage\",\"@id\":\"https:\/\/gsystems.mx\/index.php\/cctv\/#webpage\",\"url\":\"https:\/\/gsystems.mx\/index.php\/cctv\/\",\"name\":\"CCTV - GSYSTEMS\",\"isPartOf\":{\"@id\":\"https:\/\/gsystems.mx\/#website\"},\"primaryImageOfPage\":{\"@id\":\"https:\/\/gsystems.mx\/index.php\/cctv\/#primaryimage\"},\"datePublished\":\"2021-07-05T20:07:28+00:00\",\"dateModified\":\"2021-07-07T23:02:13+00:00\",\"description\":\"Venta y servicio de CCTV (circuito cerrado de televisi\\u00f3n)\",\"breadcrumb\":{\"@id\":\"https:\/\/gsystems.mx\/index.php\/cctv\/#breadcrumb\"},\"inLanguage\":\"es\",\"potentialAction\":[{\"@type\":\"ReadAction\",\"target\":[\"https:\/\/gsystems.mx\/index.php\/cctv\/\"]}]},{\"@type\":\"BreadcrumbList\",\"@id\":\"https:\/\/gsystems.mx\/index.php\/cctv\/#breadcrumb\",\"itemListElement\":[{\"@type\":\"ListItem\",\"position\":1,\"name\":\"Portada\",\"item\":\"https:\/\/gsystems.mx\/\"},{\"@type\":\"ListItem\",\"position\":2,\"name\":\"CCTV\"}]}]}<\/script>\n<!-- \/ Yoast SEO plugin. -->","_links":{"self":[{"href":"https:\/\/gsystems.mx\/index.php\/wp-json\/wp\/v2\/pages\/27","targetHints":{"allow":["GET"]}}],"collection":[{"href":"https:\/\/gsystems.mx\/index.php\/wp-json\/wp\/v2\/pages"}],"about":[{"href":"https:\/\/gsystems.mx\/index.php\/wp-json\/wp\/v2\/types\/page"}],"author":[{"embeddable":true,"href":"https:\/\/gsystems.mx\/index.php\/wp-json\/wp\/v2\/users\/1"}],"replies":[{"embeddable":true,"href":"https:\/\/gsystems.mx\/index.php\/wp-json\/wp\/v2\/comments?post=27"}],"version-history":[{"count":11,"href":"https:\/\/gsystems.mx\/index.php\/wp-json\/wp\/v2\/pages\/27\/revisions"}],"predecessor-version":[{"id":331,"href":"https:\/\/gsystems.mx\/index.php\/wp-json\/wp\/v2\/pages\/27\/revisions\/331"}],"wp:attachment":[{"href":"https:\/\/gsystems.mx\/index.php\/wp-json\/wp\/v2\/media?parent=27"}],"curies":[{"name":"wp","href":"https:\/\/api.w.org\/{rel}","templated":true}]}}